{"id":7,"date":"2025-12-01T10:22:55","date_gmt":"2025-12-01T10:22:55","guid":{"rendered":"http:\/\/eraharn.cluster100.hosting.ovh.net\/?page_id=7"},"modified":"2026-01-18T18:07:37","modified_gmt":"2026-01-18T18:07:37","slug":"contact","status":"publish","type":"page","link":"https:\/\/erah.archi\/index.php\/contact\/","title":{"rendered":"Contact"},"content":{"rendered":"<p><strong>ERAH &#8211; Etudes Recherches Architecture Histoire<\/strong><br \/>\n<strong>Carine Leli\u00e8vre<\/strong><br \/>\n18 rue du pont de l&rsquo;abbaye<br \/>\n59520 Marquette-lez-Lille<\/p>\n<p>SIRET 994 739 514 00010<\/p>\n<p>t\u00e9l\u00e9phone : <a href=\"tel:0626643606\">0626643606<\/a><\/p>\n<p>email : <a href=\"mailto:carine@erah.archi\" target=\"_blank\" rel=\"noopener\">carine@erah.archi<\/a><\/p>\n<p><a href=\"http:\/\/www.linkedin.com\/in\/carine-leli\u00e8vre-861ba73a6\" target=\"_blank\" rel=\"noopener\">Linkedin<\/a><\/p>\n","protected":false},"excerpt":{"rendered":"<p>ERAH &#8211; Etudes Recherches Architecture Histoire Carine Leli\u00e8vre 18 rue du pont de l&rsquo;abbaye 59520 Marquette-lez-Lille SIRET 994 739 514 00010 t\u00e9l\u00e9phone : 0626643606 email : carine@erah.archi Linkedin<\/p>\n","protected":false},"author":1,"featured_media":0,"parent":0,"menu_order":3,"comment_status":"closed","ping_status":"closed","template":"","meta":{"footnotes":""},"class_list":["post-7","page","type-page","status-publish","hentry","missing-thumbnail"],"_links":{"self":[{"href":"https:\/\/erah.archi\/index.php\/wp-json\/wp\/v2\/pages\/7","targetHints":{"allow":["GET"]}}],"collection":[{"href":"https:\/\/erah.archi\/index.php\/wp-json\/wp\/v2\/pages"}],"about":[{"href":"https:\/\/erah.archi\/index.php\/wp-json\/wp\/v2\/types\/page"}],"author":[{"embeddable":true,"href":"https:\/\/erah.archi\/index.php\/wp-json\/wp\/v2\/users\/1"}],"replies":[{"embeddable":true,"href":"https:\/\/erah.archi\/index.php\/wp-json\/wp\/v2\/comments?post=7"}],"version-history":[{"count":15,"href":"https:\/\/erah.archi\/index.php\/wp-json\/wp\/v2\/pages\/7\/revisions"}],"predecessor-version":[{"id":1024,"href":"https:\/\/erah.archi\/index.php\/wp-json\/wp\/v2\/pages\/7\/revisions\/1024"}],"wp:attachment":[{"href":"https:\/\/erah.archi\/index.php\/wp-json\/wp\/v2\/media?parent=7"}],"curies":[{"name":"wp","href":"https:\/\/api.w.org\/{rel}","templated":true}]}}