{"id":25,"date":"2025-12-01T10:32:30","date_gmt":"2025-12-01T10:32:30","guid":{"rendered":"http:\/\/eraharn.cluster100.hosting.ovh.net\/?page_id=25"},"modified":"2026-01-12T16:01:39","modified_gmt":"2026-01-12T16:01:39","slug":"carine-lelievre","status":"publish","type":"page","link":"https:\/\/erah.archi\/index.php\/carine-lelievre\/","title":{"rendered":"Carine Leli\u00e8vre"},"content":{"rendered":"<p><img loading=\"lazy\" decoding=\"async\" class=\"size-medium wp-image-89 alignleft\" src=\"http:\/\/erah.archi\/wp-content\/uploads\/2025\/12\/carine-300x300.jpg\" alt=\"\" width=\"300\" height=\"300\" srcset=\"https:\/\/erah.archi\/wp-content\/uploads\/2025\/12\/carine-300x300.jpg 300w, https:\/\/erah.archi\/wp-content\/uploads\/2025\/12\/carine-150x150.jpg 150w, https:\/\/erah.archi\/wp-content\/uploads\/2025\/12\/carine-768x768.jpg 768w, https:\/\/erah.archi\/wp-content\/uploads\/2025\/12\/carine.jpg 866w\" sizes=\"auto, (max-width: 300px) 100vw, 300px\" \/><strong>\u00ab\u00a0La mati\u00e8re grise co\u00fbte tellement peu cher au regard du bilan d\u2019une op\u00e9ration, qu\u2019on ne doit pas s\u2019en priver\u00a0\u00bb<em style=\"color: #808080;\"><br \/>\n<\/em><\/strong><span style=\"font-size: 15px;\">Philippe Prost, architecte Grand Prix d\u2019architecture 2022 dans <em>Le Moniteur<\/em> \u00ab Adapter et modifier, on sait faire \u00bb, 2023<\/span><\/p>\n<p style=\"font-weight: 400;\">Apr\u00e8s plus de 15 ann\u00e9es de collaboration avec l\u2019architecte et historien de l\u2019architecture du XX<sup>e<\/sup> si\u00e8cle Richard Klein, Carine Leli\u00e8vre cr\u00e9\u00e9e ERAH un bureau d\u2019\u00e9tudes, de recherches architecturales visant \u00e0 \u00e9clairer les pratiques op\u00e9rationnelles par l\u2019histoire.<\/p>\n<p style=\"font-weight: 400;\">Convaincue que la connaissance historique est un atout dans la cadre de la r\u00e9novation, la transformation, la mutation, la r\u00e9utilisation ou la r\u00e9habilitation des b\u00e2timents existants, Carine a d\u00e9velopp\u00e9 un savoir-faire articulant les sources et une m\u00e9thode d\u2019analyse contextuelle pouss\u00e9e afin de nourrir par l&rsquo;histoire toute intervention dans l&rsquo;existant.<\/p>\n<p>&nbsp;<\/p>\n<p style=\"font-weight: 400;\">L\u2019activit\u00e9 d\u2019ERAH se d\u00e9cline sous diff\u00e9rentes formes\u00a0:<\/p>\n<ul>\n<li><strong>l&rsquo;expertise<\/strong> (architecturale, historique, patrimoniale)<\/li>\n<li><strong>la valorisation<\/strong> (diffusion, publication, exposition)<\/li>\n<li><strong>la sensibilisation<\/strong> (m\u00e9diation culturelle, support de communication)<\/li>\n<li><strong>la prescription<\/strong> (conseil, accompagnement)<\/li>\n<\/ul>\n<p><a href=\"http:\/\/erah.archi\/wp-content\/uploads\/2026\/01\/ERAH-CV-CL-1.pdf\" target=\"_blank\" rel=\"noopener\">CV Carine LELIEVRE<\/a><\/p>\n","protected":false},"excerpt":{"rendered":"<p>\u00ab\u00a0La mati\u00e8re grise co\u00fbte tellement peu cher au regard du bilan d\u2019une op\u00e9ration, qu\u2019on ne doit pas s\u2019en priver\u00a0\u00bb Philippe Prost, architecte Grand Prix d\u2019architecture 2022 dans Le Moniteur \u00ab Adapter et modifier, on sait faire \u00bb, 2023 Apr\u00e8s plus de 15 ann\u00e9es de collaboration avec l\u2019architecte et historien de l\u2019architecture du XXe si\u00e8cle Richard [&hellip;]<\/p>\n","protected":false},"author":1,"featured_media":0,"parent":0,"menu_order":1,"comment_status":"closed","ping_status":"closed","template":"","meta":{"footnotes":""},"class_list":["post-25","page","type-page","status-publish","hentry","missing-thumbnail"],"_links":{"self":[{"href":"https:\/\/erah.archi\/index.php\/wp-json\/wp\/v2\/pages\/25","targetHints":{"allow":["GET"]}}],"collection":[{"href":"https:\/\/erah.archi\/index.php\/wp-json\/wp\/v2\/pages"}],"about":[{"href":"https:\/\/erah.archi\/index.php\/wp-json\/wp\/v2\/types\/page"}],"author":[{"embeddable":true,"href":"https:\/\/erah.archi\/index.php\/wp-json\/wp\/v2\/users\/1"}],"replies":[{"embeddable":true,"href":"https:\/\/erah.archi\/index.php\/wp-json\/wp\/v2\/comments?post=25"}],"version-history":[{"count":41,"href":"https:\/\/erah.archi\/index.php\/wp-json\/wp\/v2\/pages\/25\/revisions"}],"predecessor-version":[{"id":1016,"href":"https:\/\/erah.archi\/index.php\/wp-json\/wp\/v2\/pages\/25\/revisions\/1016"}],"wp:attachment":[{"href":"https:\/\/erah.archi\/index.php\/wp-json\/wp\/v2\/media?parent=25"}],"curies":[{"name":"wp","href":"https:\/\/api.w.org\/{rel}","templated":true}]}}