{"id":152,"date":"2025-12-01T16:44:48","date_gmt":"2025-12-01T16:44:48","guid":{"rendered":"http:\/\/erah.archi\/?page_id=152"},"modified":"2025-12-01T16:55:11","modified_gmt":"2025-12-01T16:55:11","slug":"liste","status":"publish","type":"page","link":"https:\/\/erah.archi\/index.php\/liste\/","title":{"rendered":""},"content":{"rendered":"<p class=\"lien-liste-articles\">\n<a href=\"http:\/\/erah.archi\">Vue par images<\/a><\/p>\n<div class=\"liste-articles-par-categorie\"><h2 class=\"liste-cat-titre\">Logements<\/h2><ul class=\"liste-articles-simple\"><li><a href=\"https:\/\/erah.archi\/index.php\/2026\/03\/25\/etude-historique-dune-maison-dhorace-pouillet\/\">Etude historique   d&#039;une maison d&#039;Horace Pouillet - Lille (59)<\/a><\/li><li><a href=\"https:\/\/erah.archi\/index.php\/2025\/12\/11\/etude-historique-de-la-residence-fenelon\/\">Etude historique   de la R\u00e9sidence F\u00e9nelon - Dunkerque (59)<\/a><\/li><li><a href=\"https:\/\/erah.archi\/index.php\/2025\/12\/11\/etude-historique-de-limmeuble-langevin\/\">Etude historique   de l&#039;immeuble Langevin - Caen (14)<\/a><\/li><li><a href=\"https:\/\/erah.archi\/index.php\/2025\/12\/11\/etude-historique-de-la-residence-ardenne\/\">Etude historique   de la R\u00e9sidence Ardenne - Sedan (08)<\/a><\/li><li><a href=\"https:\/\/erah.archi\/index.php\/2025\/12\/11\/etude-patrimoniale-de-la-zone-verte\/\">Etude patrimoniale   de la Zone Verte - Sotteville-l\u00e8s-Rouen (76)<\/a><\/li><li><a href=\"https:\/\/erah.archi\/index.php\/2025\/12\/11\/bernard-zehrfuss-et-jean-sebag-limmeuble-de-logements-de-grande-hauteur-reproduction-et-adaptation-de-la-serie\/\">Bernard Zehrfuss et Jean Sebag. L&#039;immeuble de logements de grande hauteur\u00a0: reproduction et adaptation de la s\u00e9rie - Publication<\/a><\/li><li><a href=\"https:\/\/erah.archi\/index.php\/2025\/12\/11\/etude-historique-de-la-cite-du-chene-pointu\/\">Etude historique   de la cit\u00e9 du Ch\u00eane-Pointu - Clichy-sous-Bois (93)<\/a><\/li><li><a href=\"https:\/\/erah.archi\/index.php\/2025\/12\/11\/variations-sur-le-million\/\">Variations sur le Million - Publication<\/a><\/li><li><a href=\"https:\/\/erah.archi\/index.php\/2025\/12\/11\/etudes-de-la-cite-saint-maurice\/\">Etudes   de la cit\u00e9 Saint-Maurice - Lille (59)<\/a><\/li><li><a href=\"https:\/\/erah.archi\/index.php\/2025\/12\/02\/etude-historique-de-la-cite-de-labreuvoir\/\">Etude historique   de la cit\u00e9 de l\u2019Abreuvoir - Bobigny (93)<\/a><\/li><li><a href=\"https:\/\/erah.archi\/index.php\/2025\/12\/02\/etude-historique-de-la-cite-de-letoile\/\">Etude historique   de la cit\u00e9 de l\u2019Etoile - Bobigny (93)<\/a><\/li><\/ul><h2 class=\"liste-cat-titre\">\u00c9quipements<\/h2><ul class=\"liste-articles-simple\"><li><a href=\"https:\/\/erah.archi\/index.php\/2025\/12\/11\/lhotel-de-ville-de-montebourg\/\">L&#039;Hotel de Ville de Montebourg - Publication<\/a><\/li><li><a href=\"https:\/\/erah.archi\/index.php\/2025\/12\/11\/chateau-mabille-de-poncheville\/\">Etude historique   du ch\u00e2teau Mabille de Poncheville - Raismes (59)<\/a><\/li><li><a href=\"https:\/\/erah.archi\/index.php\/2025\/12\/11\/ecoles-espace-marcel-lods\/\">Etude historique   des \u00e9coles de l\u2019Espace Marcel Lods - Sotteville-l\u00e8s-Rouen (76)<\/a><\/li><li><a href=\"https:\/\/erah.archi\/index.php\/2025\/12\/11\/ancien-espace-graillot\/\">Etude historique   de l\u2019ancien Terminal d\u2019Irlande - Le Havre (76)<\/a><\/li><li><a href=\"https:\/\/erah.archi\/index.php\/2025\/12\/11\/theatre-3\/\">Etude historique   du th\u00e9\u00e2tre Charles Dullin - Grand-Quevilly (76)<\/a><\/li><li><a href=\"https:\/\/erah.archi\/index.php\/2025\/12\/11\/theatre-2\/\">Etude historique   du th\u00e9\u00e2tre de Saint-Quentin-en-Yvelines - Saint-Quentin-en-Yvelines (78)<\/a><\/li><li><a href=\"https:\/\/erah.archi\/index.php\/2025\/12\/11\/theatre\/\">Etude historique   du th\u00e9\u00e2tre de Saint-L\u00f4 - Saint-L\u00f4 (50)<\/a><\/li><li><a href=\"https:\/\/erah.archi\/index.php\/2025\/12\/11\/ancienne-ferme\/\">Etudes   de la ferme de la Maye - Le Crotoy (80)<\/a><\/li><li><a href=\"https:\/\/erah.archi\/index.php\/2025\/12\/11\/anciennes-ecoles\/\">Etude historique   d\u2019anciennes \u00e9coles - Maubeuge (59)<\/a><\/li><li><a href=\"https:\/\/erah.archi\/index.php\/2025\/12\/11\/le-hangar-decausseville-moteur-dinnovation\/\">Valeur du hangar \u00e0 dirigeables d&#039;Ecausseville,   l\u2019exemple de la \u00ab\u00a0tuile Minard\u00a0\u00bb - Publication<\/a><\/li><li><a href=\"https:\/\/erah.archi\/index.php\/2025\/12\/11\/anciens-bains-dunkerquois\/\">Etudes   des anciens Bains dunkerquois - Dunkerque (59)<\/a><\/li><li><a href=\"https:\/\/erah.archi\/index.php\/2025\/12\/11\/chateau-bac-saint-maur\/\">Etude historique   du ch\u00e2teau de Bac Saint-Maur - Sailly-sur-la-Lys (62)<\/a><\/li><li><a href=\"https:\/\/erah.archi\/index.php\/2025\/12\/11\/ecoles\/\">Etude historique   de l\u2019\u00e9cole communale - La Comt\u00e9 (62)<\/a><\/li><li><a href=\"https:\/\/erah.archi\/index.php\/2025\/12\/11\/ancien-hangar-crepin\/\">Etude historique   du hangar Crespin - Calais (62)<\/a><\/li><li><a href=\"https:\/\/erah.archi\/index.php\/2025\/12\/11\/le-grand-t\/\">Etude historique   du Grand T - Nantes (44)<\/a><\/li><li><a href=\"https:\/\/erah.archi\/index.php\/2025\/12\/11\/le-quartz\/\">Etude historique   de l\u2019ancien Palais des Arts et de la Culture - Brest (29)<\/a><\/li><li><a href=\"https:\/\/erah.archi\/index.php\/2025\/12\/11\/usine-nordlys\/\">Etudes   de l&#039;ancienne usine Nordlys - Bailleul (59)<\/a><\/li><li><a href=\"https:\/\/erah.archi\/index.php\/2025\/12\/11\/daniel-peptit-a-chalon-sur-saone\/\">La Maison de la Culture de Chalon-sur-Sa\u00f4ne - Publication<\/a><\/li><li><a href=\"https:\/\/erah.archi\/index.php\/2025\/12\/11\/musees\/\">Etudes de mus\u00e9es dunkerquois - Dunkerque (59)<\/a><\/li><li><a href=\"https:\/\/erah.archi\/index.php\/2025\/12\/11\/digue-de-mer\/\">Etudes   de la digue de mer - Dunkerque (59)<\/a><\/li><li><a href=\"https:\/\/erah.archi\/index.php\/2025\/12\/11\/chateau-de-gondrecourt\/\">Etude historique   du ch\u00e2teau de Gondrecourt - Baccarat (54)<\/a><\/li><li><a href=\"https:\/\/erah.archi\/index.php\/2025\/12\/11\/espace-des-arts\/\">Etude historique   de l\u2019Espace des Arts - Chalon-sur-Sa\u00f4ne (71)<\/a><\/li><li><a href=\"https:\/\/erah.archi\/index.php\/2025\/12\/11\/abbaye-de-vaucelles\/\">Etudes   de l&#039;abbaye de Vaucelles - Les Rues les Vignes (59)<\/a><\/li><li><a href=\"https:\/\/erah.archi\/index.php\/2025\/12\/11\/palais-eveche\/\">Etudes   de l&#039;ancien Palais de l\u2019\u00e9v\u00each\u00e9 - Chartres (28)<\/a><\/li><li><a href=\"https:\/\/erah.archi\/index.php\/2025\/12\/11\/fermes-jacquart-et-lasne\/\">Etudes   des fermes Jacquart et Lasne - Dechy (59)<\/a><\/li><li><a href=\"https:\/\/erah.archi\/index.php\/2025\/12\/11\/ancien-hopital\/\">Etudes   de l\u2019ancien h\u00f4pital Marguerite de Flandre - Seclin (59)<\/a><\/li><li><a href=\"https:\/\/erah.archi\/index.php\/2025\/12\/11\/hk\/\">Etudes   du ch\u00e2teau du Haut-Koenigsbourg - Orschwiller (67)<\/a><\/li><\/ul><h2 class=\"liste-cat-titre\">Territoires<\/h2><ul class=\"liste-articles-simple\"><li><a href=\"https:\/\/erah.archi\/index.php\/2025\/12\/11\/le-havre-seine-metropole\/\">Etude des patrimoines - Le Havre Seine M\u00e9tropole (76)<\/a><\/li><li><a href=\"https:\/\/erah.archi\/index.php\/2025\/12\/11\/metropole-europeenne-de-lille\/\">Etude de \u00ab monuments\u00a0\u00bb - M\u00e9tropole Europ\u00e9enne de Lille (59)<\/a><\/li><li><a href=\"https:\/\/erah.archi\/index.php\/2025\/12\/11\/valorisation\/\">Etudes des patrimoines - Marquette-lez-Lille (59)<\/a><\/li><li><a href=\"https:\/\/erah.archi\/index.php\/2025\/12\/11\/residence-2\/\">R\u00e9sidence mission - Saint-Omer (59)<\/a><\/li><li><a href=\"https:\/\/erah.archi\/index.php\/2025\/12\/11\/residence\/\">R\u00e9sidence mission - Maubeuge (59)<\/a><\/li><li><a href=\"https:\/\/erah.archi\/index.php\/2025\/12\/11\/etude-patrimoniale-du-bati-de-la-reconstruction\/\">Etude patrimoniale   du b\u00e2ti de la Reconstruction - Saint-L\u00f4 (50)<\/a><\/li><li><a href=\"https:\/\/erah.archi\/index.php\/2025\/12\/11\/etudes-de-cites-minieres\/\">Etudes   de cit\u00e9s mini\u00e8res - Bassin Minier (62)<\/a><\/li><li><a href=\"https:\/\/erah.archi\/index.php\/2025\/12\/11\/etude-patrimoniale-du-val-de-sambre\/\">Etude patrimoniale   du Val de Sambre - Maubeuge (59)<\/a><\/li><li><a href=\"https:\/\/erah.archi\/index.php\/2025\/12\/04\/etude-patrimoniale-du-cambresis\/\">Etude patrimoniale   du Cambr\u00e9sis - Cambrai (59)<\/a><\/li><\/ul><\/div>\n","protected":false},"excerpt":{"rendered":"<p>Vue par images<\/p>\n","protected":false},"author":2,"featured_media":0,"parent":0,"menu_order":4,"comment_status":"closed","ping_status":"closed","template":"","meta":{"footnotes":""},"class_list":["post-152","page","type-page","status-publish","hentry","has-thumbnail"],"_links":{"self":[{"href":"https:\/\/erah.archi\/index.php\/wp-json\/wp\/v2\/pages\/152","targetHints":{"allow":["GET"]}}],"collection":[{"href":"https:\/\/erah.archi\/index.php\/wp-json\/wp\/v2\/pages"}],"about":[{"href":"https:\/\/erah.archi\/index.php\/wp-json\/wp\/v2\/types\/page"}],"author":[{"embeddable":true,"href":"https:\/\/erah.archi\/index.php\/wp-json\/wp\/v2\/users\/2"}],"replies":[{"embeddable":true,"href":"https:\/\/erah.archi\/index.php\/wp-json\/wp\/v2\/comments?post=152"}],"version-history":[{"count":5,"href":"https:\/\/erah.archi\/index.php\/wp-json\/wp\/v2\/pages\/152\/revisions"}],"predecessor-version":[{"id":161,"href":"https:\/\/erah.archi\/index.php\/wp-json\/wp\/v2\/pages\/152\/revisions\/161"}],"wp:attachment":[{"href":"https:\/\/erah.archi\/index.php\/wp-json\/wp\/v2\/media?parent=152"}],"curies":[{"name":"wp","href":"https:\/\/api.w.org\/{rel}","templated":true}]}}